{"id":3977,"date":"2025-08-01T15:59:39","date_gmt":"2025-08-01T13:59:39","guid":{"rendered":"https:\/\/lapetiteaubergegites.com\/walking-trails-in-the-perigord-pourpre-scenic-routes-local-tips\/"},"modified":"2025-08-01T16:03:56","modified_gmt":"2025-08-01T14:03:56","slug":"walking-trails-in-the-perigord-pourpre-scenic-routes-local-tips","status":"publish","type":"page","link":"https:\/\/lapetiteaubergegites.com\/en\/walking-trails-in-the-perigord-pourpre-scenic-routes-local-tips\/","title":{"rendered":"Walking Trails in the P\u00e9rigord Pourpre: Scenic Routes &amp; Local Tips"},"content":{"rendered":"\n<p>The&nbsp;<strong>P\u00e9rigord Pourpre<\/strong>&nbsp;is a haven for nature lovers, walkers and those seeking peaceful discovery. With its rolling hills, medieval villages and vineyards stretching to the horizon, the region offers a uniquely relaxing atmosphere for gentle walks.<\/p>\n\n\n\n<p>Here\u2019s our hand-picked selection of beautiful&nbsp;<strong>walking trails near La Petite Auberge<\/strong>, as well as some practical tips to make the most of your stay.<\/p>\n\n\n\n<p>\ud83d\udc49 For more details about the area, visit the <a href=\"https:\/\/www.pays-bergerac-tourisme.com\/en\/discover\/nature\/trails\">official Bergerac Sud Dordogne Tourist<\/a><a href=\"https:\/\/www.pays-bergerac-tourisme.com\/en\/discover\/nature\/trails\" target=\"_blank\" rel=\"noreferrer noopener\"> <\/a><a href=\"https:\/\/www.pays-bergerac-tourisme.com\/en\/discover\/nature\/trails\">Office website<\/a><\/p>\n\n\n\n<figure class=\"wp-block-gallery has-nested-images columns-default is-cropped wp-block-gallery-1 is-layout-flex wp-block-gallery-is-layout-flex\">\n<figure class=\"wp-block-image size-large\"><img loading=\"lazy\" decoding=\"async\" width=\"1024\" height=\"683\" data-id=\"3634\" src=\"https:\/\/lapetiteaubergegites.com\/wp-content\/uploads\/2025\/06\/Boucle-de-razac-d-eymet-1024x683.jpg\" alt=\"Balade en P\u00e9rigord Pourpre \u2013 boucle de Razac d\u2019Eymet\" class=\"wp-image-3634\" srcset=\"https:\/\/lapetiteaubergegites.com\/wp-content\/uploads\/2025\/06\/Boucle-de-razac-d-eymet-1024x683.jpg 1024w, https:\/\/lapetiteaubergegites.com\/wp-content\/uploads\/2025\/06\/Boucle-de-razac-d-eymet-300x200.jpg 300w, https:\/\/lapetiteaubergegites.com\/wp-content\/uploads\/2025\/06\/Boucle-de-razac-d-eymet-768x512.jpg 768w, https:\/\/lapetiteaubergegites.com\/wp-content\/uploads\/2025\/06\/Boucle-de-razac-d-eymet-1280x854.jpg 1280w, https:\/\/lapetiteaubergegites.com\/wp-content\/uploads\/2025\/06\/Boucle-de-razac-d-eymet-960x640.jpg 960w, https:\/\/lapetiteaubergegites.com\/wp-content\/uploads\/2025\/06\/Boucle-de-razac-d-eymet-640x427.jpg 640w, https:\/\/lapetiteaubergegites.com\/wp-content\/uploads\/2025\/06\/Boucle-de-razac-d-eymet-480x320.jpg 480w, https:\/\/lapetiteaubergegites.com\/wp-content\/uploads\/2025\/06\/Boucle-de-razac-d-eymet-750x500.jpg 750w, https:\/\/lapetiteaubergegites.com\/wp-content\/uploads\/2025\/06\/Boucle-de-razac-d-eymet.jpg 1300w\" sizes=\"auto, (max-width: 1024px) 100vw, 1024px\" \/><\/figure>\n\n\n\n<figure class=\"wp-block-image size-large\"><img loading=\"lazy\" decoding=\"async\" width=\"1024\" height=\"683\" data-id=\"3638\" src=\"https:\/\/lapetiteaubergegites.com\/wp-content\/uploads\/2025\/06\/Batisseurs-du-dropt-1024x683.jpg\" alt=\"Balade en P\u00e9rigord Pourpre \u2013 Les B\u00e2tisseurs du Dropt\" class=\"wp-image-3638\" srcset=\"https:\/\/lapetiteaubergegites.com\/wp-content\/uploads\/2025\/06\/Batisseurs-du-dropt-1024x683.jpg 1024w, https:\/\/lapetiteaubergegites.com\/wp-content\/uploads\/2025\/06\/Batisseurs-du-dropt-300x200.jpg 300w, https:\/\/lapetiteaubergegites.com\/wp-content\/uploads\/2025\/06\/Batisseurs-du-dropt-768x512.jpg 768w, https:\/\/lapetiteaubergegites.com\/wp-content\/uploads\/2025\/06\/Batisseurs-du-dropt-1280x854.jpg 1280w, https:\/\/lapetiteaubergegites.com\/wp-content\/uploads\/2025\/06\/Batisseurs-du-dropt-960x640.jpg 960w, https:\/\/lapetiteaubergegites.com\/wp-content\/uploads\/2025\/06\/Batisseurs-du-dropt-640x427.jpg 640w, https:\/\/lapetiteaubergegites.com\/wp-content\/uploads\/2025\/06\/Batisseurs-du-dropt-480x320.jpg 480w, https:\/\/lapetiteaubergegites.com\/wp-content\/uploads\/2025\/06\/Batisseurs-du-dropt-750x500.jpg 750w, https:\/\/lapetiteaubergegites.com\/wp-content\/uploads\/2025\/06\/Batisseurs-du-dropt.jpg 1300w\" sizes=\"auto, (max-width: 1024px) 100vw, 1024px\" \/><\/figure>\n\n\n\n<figure class=\"wp-block-image size-large\"><img loading=\"lazy\" decoding=\"async\" width=\"1024\" height=\"410\" data-id=\"3642\" src=\"https:\/\/lapetiteaubergegites.com\/wp-content\/uploads\/2025\/06\/cheval-1024x410.jpg\" alt=\"Balade en P\u00e9rigord Pourpre \u2013 activit\u00e9s \u00e0 cheval, \u00e0 v\u00e9lo et en quad\" class=\"wp-image-3642\" srcset=\"https:\/\/lapetiteaubergegites.com\/wp-content\/uploads\/2025\/06\/cheval-1024x410.jpg 1024w, https:\/\/lapetiteaubergegites.com\/wp-content\/uploads\/2025\/06\/cheval-300x120.jpg 300w, https:\/\/lapetiteaubergegites.com\/wp-content\/uploads\/2025\/06\/cheval-768x307.jpg 768w, https:\/\/lapetiteaubergegites.com\/wp-content\/uploads\/2025\/06\/cheval-1536x614.jpg 1536w, https:\/\/lapetiteaubergegites.com\/wp-content\/uploads\/2025\/06\/cheval-1280x512.jpg 1280w, https:\/\/lapetiteaubergegites.com\/wp-content\/uploads\/2025\/06\/cheval-960x384.jpg 960w, https:\/\/lapetiteaubergegites.com\/wp-content\/uploads\/2025\/06\/cheval-640x256.jpg 640w, https:\/\/lapetiteaubergegites.com\/wp-content\/uploads\/2025\/06\/cheval-480x192.jpg 480w, https:\/\/lapetiteaubergegites.com\/wp-content\/uploads\/2025\/06\/cheval-1250x500.jpg 1250w, https:\/\/lapetiteaubergegites.com\/wp-content\/uploads\/2025\/06\/cheval.jpg 2000w\" sizes=\"auto, (max-width: 1024px) 100vw, 1024px\" \/><\/figure>\n\n\n\n<figure class=\"wp-block-image size-large\"><img loading=\"lazy\" decoding=\"async\" width=\"779\" height=\"663\" data-id=\"3640\" src=\"https:\/\/lapetiteaubergegites.com\/wp-content\/uploads\/2025\/06\/Image-4.jpg\" alt=\"Balade en P\u00e9rigord Pourpre \u2013 moulins de Sadillac\" class=\"wp-image-3640\" srcset=\"https:\/\/lapetiteaubergegites.com\/wp-content\/uploads\/2025\/06\/Image-4.jpg 779w, https:\/\/lapetiteaubergegites.com\/wp-content\/uploads\/2025\/06\/Image-4-300x255.jpg 300w, https:\/\/lapetiteaubergegites.com\/wp-content\/uploads\/2025\/06\/Image-4-768x654.jpg 768w, https:\/\/lapetiteaubergegites.com\/wp-content\/uploads\/2025\/06\/Image-4-640x545.jpg 640w, https:\/\/lapetiteaubergegites.com\/wp-content\/uploads\/2025\/06\/Image-4-480x409.jpg 480w, https:\/\/lapetiteaubergegites.com\/wp-content\/uploads\/2025\/06\/Image-4-587x500.jpg 587w\" sizes=\"auto, (max-width: 779px) 100vw, 779px\" \/><\/figure>\n<\/figure>\n\n\n\n<hr class=\"wp-block-separator has-alpha-channel-opacity\"\/>\n\n\n\n<h3 class=\"wp-block-heading\">1\ufe0f\u20e3&nbsp;<strong>Razac-d\u2019Eymet Loop \u2013 A Walk Through History<\/strong><\/h3>\n\n\n\n<p>Just 800\u202fmetres from&nbsp;<strong>La Petite Auberge<\/strong>, this circular trail winds through the former lordship of Eymet, founded in 1270.<\/p>\n\n\n\n<p>You\u2019ll pass by quaint stone houses, a historic church and a&nbsp;<strong>450\u202fkg bell<\/strong>&nbsp;\u2014 all in a peaceful, countryside setting.<br>Perfect for a slow-paced stroll with a touch of heritage.<\/p>\n\n\n\n<hr class=\"wp-block-separator has-alpha-channel-opacity\"\/>\n\n\n\n<h3 class=\"wp-block-heading\">2\ufe0f\u20e3&nbsp;<strong>Lac de l\u2019Escourou \u2013 A Lakeside Nature Walk<\/strong><\/h3>\n\n\n\n<p>Only 10\u202fkm away,&nbsp;<strong>Lac de l\u2019Escourou<\/strong>&nbsp;is a beautiful, unspoilt natural site ideal for birdwatching and peaceful walking.<\/p>\n\n\n\n<p>Wooden boardwalks and bird hides invite you to observe the rich&nbsp;<strong>local wildlife<\/strong>.<br>Spring and autumn are the best times to visit \u2014 with cooler air and colourful landscapes.<\/p>\n\n\n\n<hr class=\"wp-block-separator has-alpha-channel-opacity\"\/>\n\n\n\n<h3 class=\"wp-block-heading\">3\ufe0f\u20e3&nbsp;<strong>The Builders of the Dropt \u2013 A Cultural Walk<\/strong><\/h3>\n\n\n\n<p>This 6\u202fkm route takes you through the&nbsp;<strong>Dropt Valley<\/strong>, past farmland and vineyards, and across the&nbsp;<strong>Eymet plateau<\/strong>.<\/p>\n\n\n\n<p>It offers a glimpse into both traditional and modern rural life \u2014 plus fantastic panoramic views over the classic&nbsp;<strong>P\u00e9rigord Pourpre countryside<\/strong>.<\/p>\n\n\n\n<hr class=\"wp-block-separator has-alpha-channel-opacity\"\/>\n\n\n\n<h3 class=\"wp-block-heading\">4\ufe0f\u20e3&nbsp;<strong>Windmills of Sadillac \u2013 A Bucolic Walk with Views<\/strong><\/h3>\n\n\n\n<p>At just 7\u202fkm from La Petite Auberge, the&nbsp;<strong>Sadillac windmill route<\/strong>&nbsp;explores the rural legacy of these old stone mills.<\/p>\n\n\n\n<p>There are&nbsp;<strong>three loop options<\/strong>: 4\u202fkm, 7\u202fkm or 9\u202fkm \u2014 so you can choose according to your pace. Expect stunning views and gentle paths through the vines and fields.<\/p>\n\n\n\n<hr class=\"wp-block-separator has-alpha-channel-opacity\"\/>\n\n\n\n<h3 class=\"wp-block-heading\">5\ufe0f\u20e3&nbsp;<strong>Explore by Horse, Bike or Even Quad<\/strong><\/h3>\n\n\n\n<p>\ud83d\udeb4\u200d\u2642\ufe0f&nbsp;<strong>On two wheels<\/strong><br>Use our&nbsp;<strong>free bikes<\/strong>&nbsp;at La Petite Auberge or rent an e-bike from [Goodturn Cycles] in Eymet (6\u202fkm).<br>A brilliant way to roam the countryside with ease.<\/p>\n\n\n\n<p>\ud83d\udc0e&nbsp;<strong>On horseback<\/strong><br>Local stables like&nbsp;<em>Cheval 24<\/em>&nbsp;(7\u202fkm) and&nbsp;<em>La M\u00e9tairie du Roc<\/em>&nbsp;(25\u202fkm) offer hacks and riding courses for all levels.<\/p>\n\n\n\n<p>\ud83d\udef5&nbsp;<strong>On quad or scooter<\/strong><br>Feeling adventurous?&nbsp;<em>Les Randos de Nico<\/em>&nbsp;(12\u202fkm) provide guided quad or electric scooter tours through vineyards and forest paths \u2014 for a truly fun experience.<\/p>\n\n\n\n<hr class=\"wp-block-separator has-alpha-channel-opacity\"\/>\n\n\n\n<h2 class=\"wp-block-heading\"><strong>Top Tips for Enjoying Your Walks in P\u00e9rigord Pourpre<\/strong><\/h2>\n\n\n\n<p>\u2705&nbsp;<strong>Best seasons<\/strong>: Spring and autumn offer ideal temperatures and colourful scenery.<br>\u2705&nbsp;<strong>What to bring<\/strong>: Comfortable walking shoes, a reusable water bottle, and a sun hat in summer.<br>\u2705&nbsp;<strong>Be respectful<\/strong>: Stick to marked trails, protect local flora and fauna, and always take your rubbish with you.<\/p>\n\n\n\n<hr class=\"wp-block-separator has-alpha-channel-opacity\"\/>\n\n\n\n<h2 class=\"wp-block-heading\"><strong>Where to Stay to Enjoy the Dordogne ?<\/strong><\/h2>\n\n\n\n<p>Tucked between\u00a0<strong>Eymet and Bergerac<\/strong>,\u00a0<strong>La Petite Auberge<\/strong>\u00a0welcomes you in one of three cosy, self-catering cottages. <\/p>\n\n\n\n<p>\ud83d\udc49\u00a0<a href=\"https:\/\/lapetiteaubergegites.com\/en\/our-rooms\/\">Explore our cottages here<\/a>>><br>\ud83d\udc49\u00a0<a href=\"https:\/\/lapetiteaubergegites.com\/en\/\">Check availability or book your stay now<\/a>>><\/p>\n\n\n\n<hr class=\"wp-block-separator has-alpha-channel-opacity\"\/>\n\n\n\n<h3 class=\"wp-block-heading\"><strong>You Might Also Like:<\/strong><\/h3>\n\n\n\n<p><a href=\"https:\/\/lapetiteaubergegites.com\/en\/blog\/\">Why go on holiday in P\u00e9rigord Pourpre?<\/a>>><\/p>\n\n\n\n<p><a href=\"https:\/\/lapetiteaubergegites.com\/en\/blog\/villages-to-visit-in-perigord-pourpre-our-5-favourites\/\">Villages to visit in P\u00e9rigord Pourpre: our 5 favourites<\/a>>><\/p>\n\n\n\n<p><a href=\"https:\/\/lapetiteaubergegites.com\/en\/blog\/summer-agenda-around-eymet\/\">Summer Agenda Around Eymet \u2013 Festivals &amp; Events Not to Miss<\/a>>><\/p>\n\n\n\n<p><a href=\"https:\/\/lapetiteaubergegites.com\/en\/blog\/family-holidays-in-the-dordogne-10-unmissable-things-to-do-near-eymet-and-bergerac\/\">Family holidays in the Dordogne: 10 unmissable things to do near Eymet and Bergerac<\/a>>><\/p>\n\n\n\n<p><a href=\"https:\/\/lapetiteaubergegites.com\/en\/what-to-do-in-the-dordogne-in-september-and-october-2025\/\">What to Do in the Dordogne in September and October 2025<\/a>>><\/p>\n","protected":false},"excerpt":{"rendered":"<p>The&nbsp;P\u00e9rigord Pourpre&nbsp;is a haven for nature lovers, walkers and those seeking peaceful discovery. With its rolling hills, medieval villages and vineyards stretching to the horizon, the region offers a uniquely relaxing atmosphere for gentle walks. Here\u2019s our hand-picked selection of beautiful&nbsp;walking trails near La Petite Auberge, as well as some practical tips to make the [&hellip;]<\/p>\n","protected":false},"author":2,"featured_media":0,"parent":0,"menu_order":17,"comment_status":"closed","ping_status":"closed","template":"","meta":{"_acf_changed":false,"qubely_global_settings":"","qubely_interactions":"","footnotes":""},"class_list":["post-3977","page","type-page","status-publish","hentry"],"acf":[],"yoast_head":"<!-- This site is optimized with the Yoast SEO plugin v27.3 - https:\/\/yoast.com\/product\/yoast-seo-wordpress\/ -->\n<title>Walking Trails in the P\u00e9rigord Pourpre: Scenic Routes &amp; Local Tips - La Petite Auberge<\/title>\n<meta name=\"robots\" content=\"index, follow, max-snippet:-1, max-image-preview:large, max-video-preview:-1\" \/>\n<link rel=\"canonical\" href=\"https:\/\/lapetiteaubergegites.com\/en\/walking-trails-in-the-perigord-pourpre-scenic-routes-local-tips\/\" \/>\n<meta property=\"og:locale\" content=\"en_US\" \/>\n<meta property=\"og:type\" content=\"article\" \/>\n<meta property=\"og:title\" content=\"Walking Trails in the P\u00e9rigord Pourpre: Scenic Routes &amp; Local Tips - La Petite Auberge\" \/>\n<meta property=\"og:description\" content=\"The&nbsp;P\u00e9rigord Pourpre&nbsp;is a haven for nature lovers, walkers and those seeking peaceful discovery. With its rolling hills, medieval villages and vineyards stretching to the horizon, the region offers a uniquely relaxing atmosphere for gentle walks. Here\u2019s our hand-picked selection of beautiful&nbsp;walking trails near La Petite Auberge, as well as some practical tips to make the [&hellip;]\" \/>\n<meta property=\"og:url\" content=\"https:\/\/lapetiteaubergegites.com\/en\/walking-trails-in-the-perigord-pourpre-scenic-routes-local-tips\/\" \/>\n<meta property=\"og:site_name\" content=\"La Petite Auberge\" \/>\n<meta property=\"article:publisher\" content=\"https:\/\/www.facebook.com\/Lapetiteaubergegites\/\" \/>\n<meta property=\"article:modified_time\" content=\"2025-08-01T14:03:56+00:00\" \/>\n<meta property=\"og:image\" content=\"https:\/\/lapetiteaubergegites.com\/wp-content\/uploads\/2025\/06\/Boucle-de-razac-d-eymet.jpg\" \/>\n\t<meta property=\"og:image:width\" content=\"1300\" \/>\n\t<meta property=\"og:image:height\" content=\"867\" \/>\n\t<meta property=\"og:image:type\" content=\"image\/jpeg\" \/>\n<meta name=\"twitter:card\" content=\"summary_large_image\" \/>\n<meta name=\"twitter:label1\" content=\"Est. reading time\" \/>\n\t<meta name=\"twitter:data1\" content=\"4 minutes\" \/>\n<script type=\"application\/ld+json\" class=\"yoast-schema-graph\">{\"@context\":\"https:\\\/\\\/schema.org\",\"@graph\":[{\"@type\":\"WebPage\",\"@id\":\"https:\\\/\\\/lapetiteaubergegites.com\\\/en\\\/walking-trails-in-the-perigord-pourpre-scenic-routes-local-tips\\\/\",\"url\":\"https:\\\/\\\/lapetiteaubergegites.com\\\/en\\\/walking-trails-in-the-perigord-pourpre-scenic-routes-local-tips\\\/\",\"name\":\"Walking Trails in the P\u00e9rigord Pourpre: Scenic Routes &amp; Local Tips - La Petite Auberge\",\"isPartOf\":{\"@id\":\"https:\\\/\\\/lapetiteaubergegites.com\\\/en\\\/#website\"},\"primaryImageOfPage\":{\"@id\":\"https:\\\/\\\/lapetiteaubergegites.com\\\/en\\\/walking-trails-in-the-perigord-pourpre-scenic-routes-local-tips\\\/#primaryimage\"},\"image\":{\"@id\":\"https:\\\/\\\/lapetiteaubergegites.com\\\/en\\\/walking-trails-in-the-perigord-pourpre-scenic-routes-local-tips\\\/#primaryimage\"},\"thumbnailUrl\":\"https:\\\/\\\/lapetiteaubergegites.com\\\/wp-content\\\/uploads\\\/2025\\\/06\\\/Boucle-de-razac-d-eymet-1024x683.jpg\",\"datePublished\":\"2025-08-01T13:59:39+00:00\",\"dateModified\":\"2025-08-01T14:03:56+00:00\",\"breadcrumb\":{\"@id\":\"https:\\\/\\\/lapetiteaubergegites.com\\\/en\\\/walking-trails-in-the-perigord-pourpre-scenic-routes-local-tips\\\/#breadcrumb\"},\"inLanguage\":\"en-US\",\"potentialAction\":[{\"@type\":\"ReadAction\",\"target\":[\"https:\\\/\\\/lapetiteaubergegites.com\\\/en\\\/walking-trails-in-the-perigord-pourpre-scenic-routes-local-tips\\\/\"]}]},{\"@type\":\"ImageObject\",\"inLanguage\":\"en-US\",\"@id\":\"https:\\\/\\\/lapetiteaubergegites.com\\\/en\\\/walking-trails-in-the-perigord-pourpre-scenic-routes-local-tips\\\/#primaryimage\",\"url\":\"https:\\\/\\\/lapetiteaubergegites.com\\\/wp-content\\\/uploads\\\/2025\\\/06\\\/Boucle-de-razac-d-eymet-1024x683.jpg\",\"contentUrl\":\"https:\\\/\\\/lapetiteaubergegites.com\\\/wp-content\\\/uploads\\\/2025\\\/06\\\/Boucle-de-razac-d-eymet-1024x683.jpg\"},{\"@type\":\"BreadcrumbList\",\"@id\":\"https:\\\/\\\/lapetiteaubergegites.com\\\/en\\\/walking-trails-in-the-perigord-pourpre-scenic-routes-local-tips\\\/#breadcrumb\",\"itemListElement\":[{\"@type\":\"ListItem\",\"position\":1,\"name\":\"Accueil\",\"item\":\"https:\\\/\\\/lapetiteaubergegites.com\\\/en\\\/home\\\/\"},{\"@type\":\"ListItem\",\"position\":2,\"name\":\"Walking Trails in the P\u00e9rigord Pourpre: Scenic Routes &amp; Local Tips\"}]},{\"@type\":\"WebSite\",\"@id\":\"https:\\\/\\\/lapetiteaubergegites.com\\\/en\\\/#website\",\"url\":\"https:\\\/\\\/lapetiteaubergegites.com\\\/en\\\/\",\"name\":\"La Petite Auberge\",\"description\":\"G\u00eetes en Dordogne\",\"publisher\":{\"@id\":\"https:\\\/\\\/lapetiteaubergegites.com\\\/en\\\/#organization\"},\"potentialAction\":[{\"@type\":\"SearchAction\",\"target\":{\"@type\":\"EntryPoint\",\"urlTemplate\":\"https:\\\/\\\/lapetiteaubergegites.com\\\/en\\\/?s={search_term_string}\"},\"query-input\":{\"@type\":\"PropertyValueSpecification\",\"valueRequired\":true,\"valueName\":\"search_term_string\"}}],\"inLanguage\":\"en-US\"},{\"@type\":\"Organization\",\"@id\":\"https:\\\/\\\/lapetiteaubergegites.com\\\/en\\\/#organization\",\"name\":\"La Petite Auberge\",\"url\":\"https:\\\/\\\/lapetiteaubergegites.com\\\/en\\\/\",\"logo\":{\"@type\":\"ImageObject\",\"inLanguage\":\"en-US\",\"@id\":\"https:\\\/\\\/lapetiteaubergegites.com\\\/en\\\/#\\\/schema\\\/logo\\\/image\\\/\",\"url\":\"https:\\\/\\\/lapetiteaubergegites.com\\\/wp-content\\\/uploads\\\/2022\\\/04\\\/Planche-Logos_Logo01-V5-13.png\",\"contentUrl\":\"https:\\\/\\\/lapetiteaubergegites.com\\\/wp-content\\\/uploads\\\/2022\\\/04\\\/Planche-Logos_Logo01-V5-13.png\",\"width\":1610,\"height\":717,\"caption\":\"La Petite Auberge\"},\"image\":{\"@id\":\"https:\\\/\\\/lapetiteaubergegites.com\\\/en\\\/#\\\/schema\\\/logo\\\/image\\\/\"},\"sameAs\":[\"https:\\\/\\\/www.facebook.com\\\/Lapetiteaubergegites\\\/\",\"https:\\\/\\\/www.instagram.com\\\/lapetiteaubergegites\\\/\"]}]}<\/script>\n<!-- \/ Yoast SEO plugin. -->","yoast_head_json":{"title":"Walking Trails in the P\u00e9rigord Pourpre: Scenic Routes &amp; Local Tips - La Petite Auberge","robots":{"index":"index","follow":"follow","max-snippet":"max-snippet:-1","max-image-preview":"max-image-preview:large","max-video-preview":"max-video-preview:-1"},"canonical":"https:\/\/lapetiteaubergegites.com\/en\/walking-trails-in-the-perigord-pourpre-scenic-routes-local-tips\/","og_locale":"en_US","og_type":"article","og_title":"Walking Trails in the P\u00e9rigord Pourpre: Scenic Routes &amp; Local Tips - La Petite Auberge","og_description":"The&nbsp;P\u00e9rigord Pourpre&nbsp;is a haven for nature lovers, walkers and those seeking peaceful discovery. With its rolling hills, medieval villages and vineyards stretching to the horizon, the region offers a uniquely relaxing atmosphere for gentle walks. Here\u2019s our hand-picked selection of beautiful&nbsp;walking trails near La Petite Auberge, as well as some practical tips to make the [&hellip;]","og_url":"https:\/\/lapetiteaubergegites.com\/en\/walking-trails-in-the-perigord-pourpre-scenic-routes-local-tips\/","og_site_name":"La Petite Auberge","article_publisher":"https:\/\/www.facebook.com\/Lapetiteaubergegites\/","article_modified_time":"2025-08-01T14:03:56+00:00","og_image":[{"width":1300,"height":867,"url":"https:\/\/lapetiteaubergegites.com\/wp-content\/uploads\/2025\/06\/Boucle-de-razac-d-eymet.jpg","type":"image\/jpeg"}],"twitter_card":"summary_large_image","twitter_misc":{"Est. reading time":"4 minutes"},"schema":{"@context":"https:\/\/schema.org","@graph":[{"@type":"WebPage","@id":"https:\/\/lapetiteaubergegites.com\/en\/walking-trails-in-the-perigord-pourpre-scenic-routes-local-tips\/","url":"https:\/\/lapetiteaubergegites.com\/en\/walking-trails-in-the-perigord-pourpre-scenic-routes-local-tips\/","name":"Walking Trails in the P\u00e9rigord Pourpre: Scenic Routes &amp; Local Tips - La Petite Auberge","isPartOf":{"@id":"https:\/\/lapetiteaubergegites.com\/en\/#website"},"primaryImageOfPage":{"@id":"https:\/\/lapetiteaubergegites.com\/en\/walking-trails-in-the-perigord-pourpre-scenic-routes-local-tips\/#primaryimage"},"image":{"@id":"https:\/\/lapetiteaubergegites.com\/en\/walking-trails-in-the-perigord-pourpre-scenic-routes-local-tips\/#primaryimage"},"thumbnailUrl":"https:\/\/lapetiteaubergegites.com\/wp-content\/uploads\/2025\/06\/Boucle-de-razac-d-eymet-1024x683.jpg","datePublished":"2025-08-01T13:59:39+00:00","dateModified":"2025-08-01T14:03:56+00:00","breadcrumb":{"@id":"https:\/\/lapetiteaubergegites.com\/en\/walking-trails-in-the-perigord-pourpre-scenic-routes-local-tips\/#breadcrumb"},"inLanguage":"en-US","potentialAction":[{"@type":"ReadAction","target":["https:\/\/lapetiteaubergegites.com\/en\/walking-trails-in-the-perigord-pourpre-scenic-routes-local-tips\/"]}]},{"@type":"ImageObject","inLanguage":"en-US","@id":"https:\/\/lapetiteaubergegites.com\/en\/walking-trails-in-the-perigord-pourpre-scenic-routes-local-tips\/#primaryimage","url":"https:\/\/lapetiteaubergegites.com\/wp-content\/uploads\/2025\/06\/Boucle-de-razac-d-eymet-1024x683.jpg","contentUrl":"https:\/\/lapetiteaubergegites.com\/wp-content\/uploads\/2025\/06\/Boucle-de-razac-d-eymet-1024x683.jpg"},{"@type":"BreadcrumbList","@id":"https:\/\/lapetiteaubergegites.com\/en\/walking-trails-in-the-perigord-pourpre-scenic-routes-local-tips\/#breadcrumb","itemListElement":[{"@type":"ListItem","position":1,"name":"Accueil","item":"https:\/\/lapetiteaubergegites.com\/en\/home\/"},{"@type":"ListItem","position":2,"name":"Walking Trails in the P\u00e9rigord Pourpre: Scenic Routes &amp; Local Tips"}]},{"@type":"WebSite","@id":"https:\/\/lapetiteaubergegites.com\/en\/#website","url":"https:\/\/lapetiteaubergegites.com\/en\/","name":"La Petite Auberge","description":"G\u00eetes en Dordogne","publisher":{"@id":"https:\/\/lapetiteaubergegites.com\/en\/#organization"},"potentialAction":[{"@type":"SearchAction","target":{"@type":"EntryPoint","urlTemplate":"https:\/\/lapetiteaubergegites.com\/en\/?s={search_term_string}"},"query-input":{"@type":"PropertyValueSpecification","valueRequired":true,"valueName":"search_term_string"}}],"inLanguage":"en-US"},{"@type":"Organization","@id":"https:\/\/lapetiteaubergegites.com\/en\/#organization","name":"La Petite Auberge","url":"https:\/\/lapetiteaubergegites.com\/en\/","logo":{"@type":"ImageObject","inLanguage":"en-US","@id":"https:\/\/lapetiteaubergegites.com\/en\/#\/schema\/logo\/image\/","url":"https:\/\/lapetiteaubergegites.com\/wp-content\/uploads\/2022\/04\/Planche-Logos_Logo01-V5-13.png","contentUrl":"https:\/\/lapetiteaubergegites.com\/wp-content\/uploads\/2022\/04\/Planche-Logos_Logo01-V5-13.png","width":1610,"height":717,"caption":"La Petite Auberge"},"image":{"@id":"https:\/\/lapetiteaubergegites.com\/en\/#\/schema\/logo\/image\/"},"sameAs":["https:\/\/www.facebook.com\/Lapetiteaubergegites\/","https:\/\/www.instagram.com\/lapetiteaubergegites\/"]}]}},"_links":{"self":[{"href":"https:\/\/lapetiteaubergegites.com\/en\/wp-json\/wp\/v2\/pages\/3977","targetHints":{"allow":["GET"]}}],"collection":[{"href":"https:\/\/lapetiteaubergegites.com\/en\/wp-json\/wp\/v2\/pages"}],"about":[{"href":"https:\/\/lapetiteaubergegites.com\/en\/wp-json\/wp\/v2\/types\/page"}],"author":[{"embeddable":true,"href":"https:\/\/lapetiteaubergegites.com\/en\/wp-json\/wp\/v2\/users\/2"}],"replies":[{"embeddable":true,"href":"https:\/\/lapetiteaubergegites.com\/en\/wp-json\/wp\/v2\/comments?post=3977"}],"version-history":[{"count":2,"href":"https:\/\/lapetiteaubergegites.com\/en\/wp-json\/wp\/v2\/pages\/3977\/revisions"}],"predecessor-version":[{"id":3980,"href":"https:\/\/lapetiteaubergegites.com\/en\/wp-json\/wp\/v2\/pages\/3977\/revisions\/3980"}],"wp:attachment":[{"href":"https:\/\/lapetiteaubergegites.com\/en\/wp-json\/wp\/v2\/media?parent=3977"}],"curies":[{"name":"wp","href":"https:\/\/api.w.org\/{rel}","templated":true}]}}