{"id":3628,"date":"2025-06-11T14:11:24","date_gmt":"2025-06-11T12:11:24","guid":{"rendered":"https:\/\/lapetiteaubergegites.com\/?page_id=3628"},"modified":"2025-09-29T13:44:24","modified_gmt":"2025-09-29T11:44:24","slug":"balades-en-perigord-pourpre","status":"publish","type":"page","link":"https:\/\/lapetiteaubergegites.com\/en\/blog-vacances-dordogne\/balades-en-perigord-pourpre\/","title":{"rendered":"Balades en P\u00e9rigord Pourpre : itin\u00e9raires et conseils"},"content":{"rendered":"\n<p>Le <strong>P\u00e9rigord Pourpre<\/strong> est un v\u00e9ritable paradis pour les amateurs de <strong>balades<\/strong> et de <strong>d\u00e9couvertes nature<\/strong>. Entre <strong>vignes<\/strong>, <strong>bastides m\u00e9di\u00e9vales<\/strong> et <strong>paysages vallonn\u00e9s<\/strong>, cette r\u00e9gion offre un d\u00e9cor unique. Vous pourrez y faire des <strong>promenades inoubliables<\/strong>.<br>Voici notre s\u00e9lection des <strong>plus belles balades en P\u00e9rigord Pourpre<\/strong>. Nous ajoutons aussi quelques <strong>conseils pratiques<\/strong> pour en profiter pleinement lors de votre s\u00e9jour \u00e0 <strong>La Petite Auberge<\/strong>.<\/p>\n\n\n\n<p>\ud83d\udc49 Pour plus d\u2019informations sur la r\u00e9gion, visitez le site officiel de l\u2019<a href=\"https:\/\/www.pays-bergerac-tourisme.com\/fr\">Office de Tourisme Bergerac Sud Dordogne<\/a>.<\/p>\n\n\n\n<div style=\"height:20px\" aria-hidden=\"true\" class=\"wp-block-spacer\"><\/div>\n\n\n\n<h2 class=\"wp-block-heading\">1\ufe0f\u20e3Balades en P\u00e9rigord Pourpre : boucle de Razac d\u2019Eymet<\/h2>\n\n\n\n<div class=\"wp-block-qubely-row qubely-section qubely-block-a7ad93\"><div class=\"qubely-row-overlay\"><\/div><div class=\"qubely-container\"><div class=\"qubely-row \">\n<div class=\"wp-block-qubely-column qubely-column qubely-column-front qubely-block-57d8d3\"><div class=\"qubely-column-inner\">\n<div class=\"wp-block-qubely-image qubely-block-67c504\"><div class=\"qubely-block-image  qubely-image-layout-simple\"><div class=\"qubely-image-media qubely-vertical-alignment-center qubely-horizontal-alignment-center\"><figure><div class=\"qubely-image-container\"><img decoding=\"async\" class=\"qubely-image-image\" src=\"https:\/\/lapetiteaubergegites.com\/wp-content\/uploads\/2025\/06\/Boucle-de-razac-d-eymet.jpg\" alt=\"Balade en P\u00e9rigord Pourpre \u2013 boucle de Razac d\u2019Eymet\"\/><\/div><\/figure><\/div><\/div><\/div>\n<\/div><\/div>\n\n\n\n<div class=\"wp-block-qubely-column qubely-column qubely-column-front qubely-block-9f117c\"><div class=\"qubely-column-inner\">\n<p>\u00c0 seulement <strong>800\u202fm<\/strong> de <strong>La Petite Auberge<\/strong>, cette boucle plonge au c\u0153ur de la <strong>ch\u00e2tellenie d\u2019Eymet<\/strong>, fond\u00e9e en <strong>1270<\/strong>. Vous y d\u00e9couvrirez <strong>ruelles pittoresques<\/strong>, <strong>\u00e9glise ancienne<\/strong> et <strong>cloche monumentale de 450\u202fkg<\/strong>.<br>C\u2019est une promenade parfaite pour explorer l\u2019histoire locale tout en fl\u00e2nant tranquillement.<\/p>\n<\/div><\/div>\n<\/div><\/div><\/div>\n\n\n\n<h2 class=\"wp-block-heading\">2\ufe0f\u20e3 Balade autour du lac de l\u2019Escourou : immersion nature<\/h2>\n\n\n\n<div class=\"wp-block-qubely-row qubely-section qubely-block-dfd471\"><div class=\"qubely-row-overlay\"><\/div><div class=\"qubely-container\"><div class=\"qubely-row \">\n<div class=\"wp-block-qubely-column qubely-column qubely-column-front qubely-block-2c63c8\"><div class=\"qubely-column-inner\">\n<p>\u00c0 <strong>10\u202fkm<\/strong> de <strong>La Petite Auberge<\/strong>, le <strong>lac de l\u2019Escourou<\/strong> est un site naturel pr\u00e9serv\u00e9. Il est parfait pour une promenade paisible.<br><strong>Pontons en bois<\/strong> et <strong>huttes d\u2019observation<\/strong> vous permettront de d\u00e9couvrir la faune et la flore locales.<br>En effet, le printemps et l\u2019automne sont des moments id\u00e9aux pour y observer la biodiversit\u00e9.<\/p>\n<\/div><\/div>\n<\/div><\/div><\/div>\n\n\n\n<h2 class=\"wp-block-heading\">3\ufe0f\u20e3 Les B\u00e2tisseurs du Dropt : un parcours culturel<\/h2>\n\n\n\n<div class=\"wp-block-qubely-row qubely-section qubely-block-654336\"><div class=\"qubely-row-overlay\"><\/div><div class=\"qubely-container\"><div class=\"qubely-row \">\n<div class=\"wp-block-qubely-column qubely-column qubely-column-front qubely-block-2c5507\"><div class=\"qubely-column-inner\">\n<div class=\"wp-block-qubely-image qubely-block-1e6e6c\"><div class=\"qubely-block-image  qubely-image-layout-simple\"><div class=\"qubely-image-media qubely-vertical-alignment-center qubely-horizontal-alignment-center\"><figure><div class=\"qubely-image-container\"><img decoding=\"async\" class=\"qubely-image-image\" src=\"https:\/\/lapetiteaubergegites.com\/wp-content\/uploads\/2025\/06\/Batisseurs-du-dropt.jpg\" alt=\"Balade en P\u00e9rigord Pourpre \u2013 Les B\u00e2tisseurs du Dropt\"\/><\/div><\/figure><\/div><\/div><\/div>\n<\/div><\/div>\n\n\n\n<div class=\"wp-block-qubely-column qubely-column qubely-column-front qubely-block-6e9e63\"><div class=\"qubely-column-inner\">\n<p>Cet itin\u00e9raire de <strong>6\u202fkm<\/strong> traverse la <strong>vall\u00e9e du Dropt<\/strong>, les <strong>coteaux<\/strong> et le <strong>plateau du Pays d\u2019Eymet<\/strong>. Vous partirez \u00e0 la rencontre des pratiques agricoles d\u2019hier et d\u2019aujourd\u2019hui.<br>De plus, vous profiterez de superbes panoramas sur les paysages typiques du <strong>P\u00e9rigord Pourpre<\/strong>.<\/p>\n<\/div><\/div>\n<\/div><\/div><\/div>\n\n\n\n<h2 class=\"wp-block-heading\">4\ufe0f\u20e3 Balades en P\u00e9rigord Pourpre : les moulins \u00e0 vent de Sadillac<\/h2>\n\n\n\n<div class=\"wp-block-qubely-row qubely-section qubely-block-1c08c3\"><div class=\"qubely-row-overlay\"><\/div><div class=\"qubely-container\"><div class=\"qubely-row \">\n<div class=\"wp-block-qubely-column qubely-column qubely-column-front qubely-block-05896c\"><div class=\"qubely-column-inner\">\n<p>\u00c0 <strong>7\u202fkm<\/strong> de <strong>La Petite Auberge<\/strong>, partez sur les traces des <strong>moulins \u00e0 vent<\/strong> qui ont fa\u00e7onn\u00e9 le paysage local.<br>Trois parcours de randonn\u00e9e (<strong>4, 7 et 9\u202fkm<\/strong>) vous permettront de choisir la distance qui vous convient.<br>Ainsi, vous profiterez de ce cadre bucolique et de ses <strong>superbes points de vue<\/strong>.<\/p>\n<\/div><\/div>\n\n\n\n<div class=\"wp-block-qubely-column qubely-column qubely-column-front qubely-block-08c2ca\"><div class=\"qubely-column-inner\">\n<div class=\"wp-block-qubely-image qubely-block-d6b9c5\"><div class=\"qubely-block-image  qubely-image-layout-simple\"><div class=\"qubely-image-media qubely-vertical-alignment-center qubely-horizontal-alignment-center\"><figure><div class=\"qubely-image-container\"><img decoding=\"async\" class=\"qubely-image-image\" src=\"https:\/\/lapetiteaubergegites.com\/wp-content\/uploads\/2025\/06\/Image-4.jpg\" alt=\"Balade en P\u00e9rigord Pourpre \u2013 moulins de Sadillac\"\/><\/div><\/figure><\/div><\/div><\/div>\n<\/div><\/div>\n<\/div><\/div><\/div>\n\n\n\n<h2 class=\"wp-block-heading\">5\ufe0f\u20e3 Balade \u00e0 cheval ou \u00e0 v\u00e9lo : une autre fa\u00e7on de d\u00e9couvrir le P\u00e9rigord Pourpre<\/h2>\n\n\n\n<div class=\"wp-block-qubely-row qubely-section qubely-block-c13e8d\"><div class=\"qubely-row-overlay\"><\/div><div class=\"qubely-container\"><div class=\"qubely-row \">\n<div class=\"wp-block-qubely-column qubely-column qubely-column-front qubely-block-3f7a82\"><div class=\"qubely-column-inner\">\n<div class=\"wp-block-qubely-image qubely-block-cbc0db\"><div class=\"qubely-block-image  qubely-image-layout-simple\"><div class=\"qubely-image-media qubely-vertical-alignment-center qubely-horizontal-alignment-center\"><figure><div class=\"qubely-image-container\"><img decoding=\"async\" class=\"qubely-image-image\" src=\"https:\/\/lapetiteaubergegites.com\/wp-content\/uploads\/2025\/06\/cheval-e1749643529393.jpg\" alt=\"Activit\u00e9s \u00e0 cheval, \u00e0 v\u00e9lo et en quad\"\/><\/div><\/figure><\/div><\/div><\/div>\n<\/div><\/div>\n\n\n\n<div class=\"wp-block-qubely-column qubely-column qubely-column-front qubely-block-a7a4d3\"><div class=\"qubely-column-inner\">\n<p><strong>\u00c0 cheval<\/strong> : les centres \u00e9questres <strong>Cheval 24<\/strong> (<strong>7\u202fkm<\/strong>) et la <strong>M\u00e9tairie du Roc<\/strong> (<strong>25\u202fkm<\/strong>) proposent des balades et des stages pour tous les niveaux.<br><strong>\u00c0 v\u00e9lo<\/strong> : profitez du pr\u00eat de v\u00e9los \u00e0 <strong>La Petite Auberge<\/strong> ou louez un <strong>v\u00e9lo \u00e9lectrique<\/strong> chez <strong>Goodturn Cycles<\/strong> (<strong>6\u202fkm<\/strong>). Vous explorerez la r\u00e9gion sur <strong>deux roues<\/strong>.<br><strong>En quad ou trottinette<\/strong> : pour les plus aventuriers, <strong>Les Randos de Nico<\/strong> (<strong>12\u202fkm<\/strong>) proposent des circuits originaux. Ils traversent les <strong>vignobles<\/strong> et les <strong>chemins forestiers<\/strong>.<\/p>\n<\/div><\/div>\n<\/div><\/div><\/div>\n\n\n\n<h2 class=\"wp-block-heading has-text-align-center\">Conseils pratiques pour vos balades en P\u00e9rigord Pourpre<\/h2>\n\n\n\n<div class=\"wp-block-qubely-row qubely-section qubely-block-706252\"><div class=\"qubely-row-overlay\"><\/div><div class=\"qubely-container\"><div class=\"qubely-row \">\n<div class=\"wp-block-qubely-column qubely-column qubely-column-front qubely-block-8e840c\"><div class=\"qubely-column-inner\"><\/div><\/div>\n\n\n\n<div class=\"wp-block-qubely-column qubely-column qubely-column-front qubely-block-2c38b4\"><div class=\"qubely-column-inner\">\n<p>\u2705 <strong>Saisons id\u00e9ales<\/strong> : le printemps et l\u2019automne offrent des temp\u00e9ratures douces. Les paysages sont color\u00e9s et magnifiques.<br>\u2705 <strong>\u00c9quipement<\/strong> : chaussures de marche confortables, gourde d\u2019eau et casquette en \u00e9t\u00e9 sont indispensables.<br>\u2705 <strong>Respect de la nature<\/strong> : restez sur les chemins balis\u00e9s. Prot\u00e9gez la faune et la flore. Enfin, n\u2019oubliez pas d\u2019emporter vos d\u00e9chets.<\/p>\n<\/div><\/div>\n\n\n\n<div class=\"wp-block-qubely-column qubely-column qubely-column-front qubely-block-1dabf3\"><div class=\"qubely-column-inner\"><\/div><\/div>\n<\/div><\/div><\/div>\n\n\n\n<h2 class=\"wp-block-heading\">Prolongez l\u2019aventure avec La Petite Auberge<\/h2>\n\n\n\n<p>Vous avez envie de vivre pleinement le <strong>tourisme en P\u00e9rigord Pourpre<\/strong>\u202f?<br><strong>La Petite Auberge<\/strong>, situ\u00e9e \u00e0 proximit\u00e9 de tous ces itin\u00e9raires, vous accueille dans un <strong>cadre authentique et chaleureux<\/strong>.<br>D\u00e9couvrez nos <a><strong>g\u00eetes confortables<\/strong><\/a> pour un s\u00e9jour sur mesure.<br>Contactez-nous via notre <a><strong>page Contact<\/strong><\/a> pour organiser vos <strong>vacances<\/strong>.<br>Enfin, pour d\u2019autres id\u00e9es de d\u00e9couvertes, explorez notre <a class=\"\" href=\"https:\/\/lapetiteaubergegites.com\/tourisme\/\"><strong>rubrique compl\u00e8te \u201c\u00c0 voir, \u00e0 faire en Dordogne\u201d<\/strong><\/a>.<\/p>\n\n\n\n<figure class=\"wp-block-image size-full\"><img loading=\"lazy\" decoding=\"async\" width=\"1024\" height=\"768\" src=\"https:\/\/lapetiteaubergegites.com\/wp-content\/uploads\/2025\/09\/7.png\" alt=\"Jardin de La Petite Auberge\" class=\"wp-image-4263\" srcset=\"https:\/\/lapetiteaubergegites.com\/wp-content\/uploads\/2025\/09\/7.png 1024w, https:\/\/lapetiteaubergegites.com\/wp-content\/uploads\/2025\/09\/7-300x225.png 300w, https:\/\/lapetiteaubergegites.com\/wp-content\/uploads\/2025\/09\/7-768x576.png 768w, https:\/\/lapetiteaubergegites.com\/wp-content\/uploads\/2025\/09\/7-960x720.png 960w, https:\/\/lapetiteaubergegites.com\/wp-content\/uploads\/2025\/09\/7-640x480.png 640w, https:\/\/lapetiteaubergegites.com\/wp-content\/uploads\/2025\/09\/7-480x360.png 480w, https:\/\/lapetiteaubergegites.com\/wp-content\/uploads\/2025\/09\/7-667x500.png 667w\" sizes=\"auto, (max-width: 1024px) 100vw, 1024px\" \/><\/figure>\n\n\n\n<div class=\"wp-block-qubely-button qubely-block-1a1ba6\"><div class=\"qubely-block-btn-wrapper \"><div class=\"qubely-block-btn\"><a class=\"qubely-block-btn-anchor is-large\" href=\"https:\/\/lapetiteaubergegites.com\/nos-gites-dordogne-21-personnes\/\">D\u00e9couvrez nos h\u00e9bergements<\/a><\/div><\/div><\/div>\n\n\n\n<h2 class=\"wp-block-heading\">Articles \u00e0 d\u00e9couvrir aussi :<\/h2>\n\n\n\n<ul class=\"wp-block-list\">\n<li><a href=\"https:\/\/lapetiteaubergegites.com\/blog-vacances-dordogne\/que-faire-en-dordogne-en-septembre-et-octobre-2025\/\">Que faire en Dordogne en septembre et octobre 2025<\/a>&gt;&gt;<\/li>\n\n\n\n<li><a href=\"https:\/\/lapetiteaubergegites.com\/blog-vacances-dordogne\/vacances-en-perigord-pourpre-une-destination-ideale-a-decouvrir\/\">Pourquoi partir en vacances en P\u00e9rigord Pourpre ?<\/a> &gt;&gt;<\/li>\n\n\n\n<li><a href=\"https:\/\/lapetiteaubergegites.com\/blog-vacances-dordogne\/marches-gourmands-eymet\/\">March\u00e9s gourmands Dordogne pr\u00e8s de La Petite Auberge<\/a>&gt;&gt;<\/li>\n\n\n\n<li><a href=\"https:\/\/lapetiteaubergegites.com\/blog-vacances-dordogne\/balades-en-perigord-pourpre\/\">Balades en P\u00e9rigord Pourpre : itin\u00e9raires et conseils<\/a>&gt;&gt;<\/li>\n\n\n\n<li><a href=\"https:\/\/lapetiteaubergegites.com\/blog-vacances-dordogne\/vacances-en-famille-dordogne\/\">Vacances en famille en Dordogne : 10 activit\u00e9s \u00e0 ne pas manquer<\/a>&gt;&gt;<\/li>\n\n\n\n<li><a href=\"https:\/\/lapetiteaubergegites.com\/blog-vacances-dordogne\/domaines-vins-bergerac-duras\/\">\ud83c\udf77 Vins de Bergerac et de Duras : nos domaines pr\u00e9f\u00e9r\u00e9s \u00e0 visiter<\/a>&gt;&gt;<\/li>\n<\/ul>\n\n\n\n<div class=\"wp-block-qubely-button qubely-block-e8277c\"><div class=\"qubely-block-btn-wrapper \"><div class=\"qubely-block-btn\"><a class=\"qubely-block-btn-anchor is-large\" href=\"https:\/\/lapetiteaubergegites.com\/blog-vacances-dordogne\/\">Le blog<\/a><\/div><\/div><\/div>\n","protected":false},"excerpt":{"rendered":"<p>Le P\u00e9rigord Pourpre est un v\u00e9ritable paradis pour les amateurs de balades et de d\u00e9couvertes nature. Entre vignes, bastides m\u00e9di\u00e9vales et paysages vallonn\u00e9s, cette r\u00e9gion offre un d\u00e9cor unique. Vous pourrez y faire des promenades inoubliables.Voici notre s\u00e9lection des plus belles balades en P\u00e9rigord Pourpre. Nous ajoutons aussi quelques conseils pratiques pour en profiter pleinement [&hellip;]<\/p>\n","protected":false},"author":2,"featured_media":0,"parent":2,"menu_order":5,"comment_status":"closed","ping_status":"closed","template":"","meta":{"_acf_changed":false,"qubely_global_settings":"","qubely_interactions":"","footnotes":""},"class_list":["post-3628","page","type-page","status-publish","hentry"],"acf":[],"yoast_head":"<!-- This site is optimized with the Yoast SEO plugin v27.3 - https:\/\/yoast.com\/product\/yoast-seo-wordpress\/ -->\n<title>Balades en P\u00e9rigord Pourpre : itin\u00e9raires et conseils - La Petite Auberge<\/title>\n<meta name=\"description\" content=\"D\u00e9couvrez nos balades en P\u00e9rigord Pourpre\u202f: 5 itin\u00e9raires et conseils pour un s\u00e9jour inoubliable \u00e0 La Petite Auberge.\" \/>\n<meta name=\"robots\" content=\"index, follow, max-snippet:-1, max-image-preview:large, max-video-preview:-1\" \/>\n<link rel=\"canonical\" href=\"https:\/\/lapetiteaubergegites.com\/en\/blog-vacances-dordogne\/balades-en-perigord-pourpre\/\" \/>\n<meta property=\"og:locale\" content=\"en_US\" \/>\n<meta property=\"og:type\" content=\"article\" \/>\n<meta property=\"og:title\" content=\"Balades en P\u00e9rigord Pourpre : itin\u00e9raires et conseils - La Petite Auberge\" \/>\n<meta property=\"og:description\" content=\"D\u00e9couvrez nos balades en P\u00e9rigord Pourpre\u202f: 5 itin\u00e9raires et conseils pour un s\u00e9jour inoubliable \u00e0 La Petite Auberge.\" \/>\n<meta property=\"og:url\" content=\"https:\/\/lapetiteaubergegites.com\/en\/blog-vacances-dordogne\/balades-en-perigord-pourpre\/\" \/>\n<meta property=\"og:site_name\" content=\"La Petite Auberge\" \/>\n<meta property=\"article:publisher\" content=\"https:\/\/www.facebook.com\/Lapetiteaubergegites\/\" \/>\n<meta property=\"article:modified_time\" content=\"2025-09-29T11:44:24+00:00\" \/>\n<meta property=\"og:image\" content=\"https:\/\/lapetiteaubergegites.com\/wp-content\/uploads\/2025\/06\/Boucle-de-razac-d-eymet.jpg\" \/>\n<meta name=\"twitter:card\" content=\"summary_large_image\" \/>\n<meta name=\"twitter:label1\" content=\"Est. reading time\" \/>\n\t<meta name=\"twitter:data1\" content=\"5 minutes\" \/>\n<script type=\"application\/ld+json\" class=\"yoast-schema-graph\">{\"@context\":\"https:\\\/\\\/schema.org\",\"@graph\":[{\"@type\":\"WebPage\",\"@id\":\"https:\\\/\\\/lapetiteaubergegites.com\\\/en\\\/blog-vacances-dordogne\\\/balades-en-perigord-pourpre\\\/\",\"url\":\"https:\\\/\\\/lapetiteaubergegites.com\\\/en\\\/blog-vacances-dordogne\\\/balades-en-perigord-pourpre\\\/\",\"name\":\"Balades en P\u00e9rigord Pourpre : itin\u00e9raires et conseils - La Petite Auberge\",\"isPartOf\":{\"@id\":\"https:\\\/\\\/lapetiteaubergegites.com\\\/en\\\/#website\"},\"primaryImageOfPage\":{\"@id\":\"https:\\\/\\\/lapetiteaubergegites.com\\\/en\\\/blog-vacances-dordogne\\\/balades-en-perigord-pourpre\\\/#primaryimage\"},\"image\":{\"@id\":\"https:\\\/\\\/lapetiteaubergegites.com\\\/en\\\/blog-vacances-dordogne\\\/balades-en-perigord-pourpre\\\/#primaryimage\"},\"thumbnailUrl\":\"https:\\\/\\\/lapetiteaubergegites.com\\\/wp-content\\\/uploads\\\/2025\\\/06\\\/Boucle-de-razac-d-eymet.jpg\",\"datePublished\":\"2025-06-11T12:11:24+00:00\",\"dateModified\":\"2025-09-29T11:44:24+00:00\",\"description\":\"D\u00e9couvrez nos balades en P\u00e9rigord Pourpre\u202f: 5 itin\u00e9raires et conseils pour un s\u00e9jour inoubliable \u00e0 La Petite Auberge.\",\"breadcrumb\":{\"@id\":\"https:\\\/\\\/lapetiteaubergegites.com\\\/en\\\/blog-vacances-dordogne\\\/balades-en-perigord-pourpre\\\/#breadcrumb\"},\"inLanguage\":\"en-US\",\"potentialAction\":[{\"@type\":\"ReadAction\",\"target\":[\"https:\\\/\\\/lapetiteaubergegites.com\\\/en\\\/blog-vacances-dordogne\\\/balades-en-perigord-pourpre\\\/\"]}]},{\"@type\":\"ImageObject\",\"inLanguage\":\"en-US\",\"@id\":\"https:\\\/\\\/lapetiteaubergegites.com\\\/en\\\/blog-vacances-dordogne\\\/balades-en-perigord-pourpre\\\/#primaryimage\",\"url\":\"https:\\\/\\\/lapetiteaubergegites.com\\\/wp-content\\\/uploads\\\/2025\\\/06\\\/Boucle-de-razac-d-eymet.jpg\",\"contentUrl\":\"https:\\\/\\\/lapetiteaubergegites.com\\\/wp-content\\\/uploads\\\/2025\\\/06\\\/Boucle-de-razac-d-eymet.jpg\"},{\"@type\":\"BreadcrumbList\",\"@id\":\"https:\\\/\\\/lapetiteaubergegites.com\\\/en\\\/blog-vacances-dordogne\\\/balades-en-perigord-pourpre\\\/#breadcrumb\",\"itemListElement\":[{\"@type\":\"ListItem\",\"position\":1,\"name\":\"Accueil\",\"item\":\"https:\\\/\\\/lapetiteaubergegites.com\\\/en\\\/home\\\/\"},{\"@type\":\"ListItem\",\"position\":2,\"name\":\"Blog \u2013 Vie locale &amp; vacances en Dordogne\u00a0\",\"item\":\"https:\\\/\\\/lapetiteaubergegites.com\\\/en\\\/blog-vacances-dordogne\\\/\"},{\"@type\":\"ListItem\",\"position\":3,\"name\":\"Balades en P\u00e9rigord Pourpre : itin\u00e9raires et conseils\"}]},{\"@type\":\"WebSite\",\"@id\":\"https:\\\/\\\/lapetiteaubergegites.com\\\/en\\\/#website\",\"url\":\"https:\\\/\\\/lapetiteaubergegites.com\\\/en\\\/\",\"name\":\"La Petite Auberge\",\"description\":\"G\u00eetes en Dordogne\",\"publisher\":{\"@id\":\"https:\\\/\\\/lapetiteaubergegites.com\\\/en\\\/#organization\"},\"potentialAction\":[{\"@type\":\"SearchAction\",\"target\":{\"@type\":\"EntryPoint\",\"urlTemplate\":\"https:\\\/\\\/lapetiteaubergegites.com\\\/en\\\/?s={search_term_string}\"},\"query-input\":{\"@type\":\"PropertyValueSpecification\",\"valueRequired\":true,\"valueName\":\"search_term_string\"}}],\"inLanguage\":\"en-US\"},{\"@type\":\"Organization\",\"@id\":\"https:\\\/\\\/lapetiteaubergegites.com\\\/en\\\/#organization\",\"name\":\"La Petite Auberge\",\"url\":\"https:\\\/\\\/lapetiteaubergegites.com\\\/en\\\/\",\"logo\":{\"@type\":\"ImageObject\",\"inLanguage\":\"en-US\",\"@id\":\"https:\\\/\\\/lapetiteaubergegites.com\\\/en\\\/#\\\/schema\\\/logo\\\/image\\\/\",\"url\":\"https:\\\/\\\/lapetiteaubergegites.com\\\/wp-content\\\/uploads\\\/2022\\\/04\\\/Planche-Logos_Logo01-V5-13.png\",\"contentUrl\":\"https:\\\/\\\/lapetiteaubergegites.com\\\/wp-content\\\/uploads\\\/2022\\\/04\\\/Planche-Logos_Logo01-V5-13.png\",\"width\":1610,\"height\":717,\"caption\":\"La Petite Auberge\"},\"image\":{\"@id\":\"https:\\\/\\\/lapetiteaubergegites.com\\\/en\\\/#\\\/schema\\\/logo\\\/image\\\/\"},\"sameAs\":[\"https:\\\/\\\/www.facebook.com\\\/Lapetiteaubergegites\\\/\",\"https:\\\/\\\/www.instagram.com\\\/lapetiteaubergegites\\\/\"]}]}<\/script>\n<!-- \/ Yoast SEO plugin. -->","yoast_head_json":{"title":"Balades en P\u00e9rigord Pourpre : itin\u00e9raires et conseils - La Petite Auberge","description":"D\u00e9couvrez nos balades en P\u00e9rigord Pourpre\u202f: 5 itin\u00e9raires et conseils pour un s\u00e9jour inoubliable \u00e0 La Petite Auberge.","robots":{"index":"index","follow":"follow","max-snippet":"max-snippet:-1","max-image-preview":"max-image-preview:large","max-video-preview":"max-video-preview:-1"},"canonical":"https:\/\/lapetiteaubergegites.com\/en\/blog-vacances-dordogne\/balades-en-perigord-pourpre\/","og_locale":"en_US","og_type":"article","og_title":"Balades en P\u00e9rigord Pourpre : itin\u00e9raires et conseils - La Petite Auberge","og_description":"D\u00e9couvrez nos balades en P\u00e9rigord Pourpre\u202f: 5 itin\u00e9raires et conseils pour un s\u00e9jour inoubliable \u00e0 La Petite Auberge.","og_url":"https:\/\/lapetiteaubergegites.com\/en\/blog-vacances-dordogne\/balades-en-perigord-pourpre\/","og_site_name":"La Petite Auberge","article_publisher":"https:\/\/www.facebook.com\/Lapetiteaubergegites\/","article_modified_time":"2025-09-29T11:44:24+00:00","og_image":[{"url":"https:\/\/lapetiteaubergegites.com\/wp-content\/uploads\/2025\/06\/Boucle-de-razac-d-eymet.jpg","type":"","width":"","height":""}],"twitter_card":"summary_large_image","twitter_misc":{"Est. reading time":"5 minutes"},"schema":{"@context":"https:\/\/schema.org","@graph":[{"@type":"WebPage","@id":"https:\/\/lapetiteaubergegites.com\/en\/blog-vacances-dordogne\/balades-en-perigord-pourpre\/","url":"https:\/\/lapetiteaubergegites.com\/en\/blog-vacances-dordogne\/balades-en-perigord-pourpre\/","name":"Balades en P\u00e9rigord Pourpre : itin\u00e9raires et conseils - La Petite Auberge","isPartOf":{"@id":"https:\/\/lapetiteaubergegites.com\/en\/#website"},"primaryImageOfPage":{"@id":"https:\/\/lapetiteaubergegites.com\/en\/blog-vacances-dordogne\/balades-en-perigord-pourpre\/#primaryimage"},"image":{"@id":"https:\/\/lapetiteaubergegites.com\/en\/blog-vacances-dordogne\/balades-en-perigord-pourpre\/#primaryimage"},"thumbnailUrl":"https:\/\/lapetiteaubergegites.com\/wp-content\/uploads\/2025\/06\/Boucle-de-razac-d-eymet.jpg","datePublished":"2025-06-11T12:11:24+00:00","dateModified":"2025-09-29T11:44:24+00:00","description":"D\u00e9couvrez nos balades en P\u00e9rigord Pourpre\u202f: 5 itin\u00e9raires et conseils pour un s\u00e9jour inoubliable \u00e0 La Petite Auberge.","breadcrumb":{"@id":"https:\/\/lapetiteaubergegites.com\/en\/blog-vacances-dordogne\/balades-en-perigord-pourpre\/#breadcrumb"},"inLanguage":"en-US","potentialAction":[{"@type":"ReadAction","target":["https:\/\/lapetiteaubergegites.com\/en\/blog-vacances-dordogne\/balades-en-perigord-pourpre\/"]}]},{"@type":"ImageObject","inLanguage":"en-US","@id":"https:\/\/lapetiteaubergegites.com\/en\/blog-vacances-dordogne\/balades-en-perigord-pourpre\/#primaryimage","url":"https:\/\/lapetiteaubergegites.com\/wp-content\/uploads\/2025\/06\/Boucle-de-razac-d-eymet.jpg","contentUrl":"https:\/\/lapetiteaubergegites.com\/wp-content\/uploads\/2025\/06\/Boucle-de-razac-d-eymet.jpg"},{"@type":"BreadcrumbList","@id":"https:\/\/lapetiteaubergegites.com\/en\/blog-vacances-dordogne\/balades-en-perigord-pourpre\/#breadcrumb","itemListElement":[{"@type":"ListItem","position":1,"name":"Accueil","item":"https:\/\/lapetiteaubergegites.com\/en\/home\/"},{"@type":"ListItem","position":2,"name":"Blog \u2013 Vie locale &amp; vacances en Dordogne\u00a0","item":"https:\/\/lapetiteaubergegites.com\/en\/blog-vacances-dordogne\/"},{"@type":"ListItem","position":3,"name":"Balades en P\u00e9rigord Pourpre : itin\u00e9raires et conseils"}]},{"@type":"WebSite","@id":"https:\/\/lapetiteaubergegites.com\/en\/#website","url":"https:\/\/lapetiteaubergegites.com\/en\/","name":"La Petite Auberge","description":"G\u00eetes en Dordogne","publisher":{"@id":"https:\/\/lapetiteaubergegites.com\/en\/#organization"},"potentialAction":[{"@type":"SearchAction","target":{"@type":"EntryPoint","urlTemplate":"https:\/\/lapetiteaubergegites.com\/en\/?s={search_term_string}"},"query-input":{"@type":"PropertyValueSpecification","valueRequired":true,"valueName":"search_term_string"}}],"inLanguage":"en-US"},{"@type":"Organization","@id":"https:\/\/lapetiteaubergegites.com\/en\/#organization","name":"La Petite Auberge","url":"https:\/\/lapetiteaubergegites.com\/en\/","logo":{"@type":"ImageObject","inLanguage":"en-US","@id":"https:\/\/lapetiteaubergegites.com\/en\/#\/schema\/logo\/image\/","url":"https:\/\/lapetiteaubergegites.com\/wp-content\/uploads\/2022\/04\/Planche-Logos_Logo01-V5-13.png","contentUrl":"https:\/\/lapetiteaubergegites.com\/wp-content\/uploads\/2022\/04\/Planche-Logos_Logo01-V5-13.png","width":1610,"height":717,"caption":"La Petite Auberge"},"image":{"@id":"https:\/\/lapetiteaubergegites.com\/en\/#\/schema\/logo\/image\/"},"sameAs":["https:\/\/www.facebook.com\/Lapetiteaubergegites\/","https:\/\/www.instagram.com\/lapetiteaubergegites\/"]}]}},"_links":{"self":[{"href":"https:\/\/lapetiteaubergegites.com\/en\/wp-json\/wp\/v2\/pages\/3628","targetHints":{"allow":["GET"]}}],"collection":[{"href":"https:\/\/lapetiteaubergegites.com\/en\/wp-json\/wp\/v2\/pages"}],"about":[{"href":"https:\/\/lapetiteaubergegites.com\/en\/wp-json\/wp\/v2\/types\/page"}],"author":[{"embeddable":true,"href":"https:\/\/lapetiteaubergegites.com\/en\/wp-json\/wp\/v2\/users\/2"}],"replies":[{"embeddable":true,"href":"https:\/\/lapetiteaubergegites.com\/en\/wp-json\/wp\/v2\/comments?post=3628"}],"version-history":[{"count":3,"href":"https:\/\/lapetiteaubergegites.com\/en\/wp-json\/wp\/v2\/pages\/3628\/revisions"}],"predecessor-version":[{"id":4409,"href":"https:\/\/lapetiteaubergegites.com\/en\/wp-json\/wp\/v2\/pages\/3628\/revisions\/4409"}],"up":[{"embeddable":true,"href":"https:\/\/lapetiteaubergegites.com\/en\/wp-json\/wp\/v2\/pages\/2"}],"wp:attachment":[{"href":"https:\/\/lapetiteaubergegites.com\/en\/wp-json\/wp\/v2\/media?parent=3628"}],"curies":[{"name":"wp","href":"https:\/\/api.w.org\/{rel}","templated":true}]}}